{"id":646,"date":"2020-06-21T17:53:54","date_gmt":"2020-06-21T15:53:54","guid":{"rendered":"http:\/\/wordpress2093078.home.pl\/autoinstalator\/wordpressplus\/?page_id=646"},"modified":"2021-09-28T10:14:17","modified_gmt":"2021-09-28T08:14:17","slug":"oferta","status":"publish","type":"page","link":"https:\/\/photographic.pl\/en\/oferta\/","title":{"rendered":"Offer"},"content":{"rendered":"\t\t<div data-elementor-type=\"wp-page\" data-elementor-id=\"646\" class=\"elementor elementor-646\" data-elementor-post-type=\"page\">\n\t\t\t\t\t\t<section class=\"elementor-section elementor-top-section elementor-element elementor-element-0fb21af elementor-section-boxed elementor-section-height-default elementor-section-height-default\" data-id=\"0fb21af\" data-element_type=\"section\" data-e-type=\"section\">\n\t\t\t\t\t\t<div class=\"elementor-container elementor-column-gap-default\">\n\t\t\t\t\t<div class=\"elementor-column elementor-col-100 elementor-top-column elementor-element elementor-element-932eee5\" data-id=\"932eee5\" data-element_type=\"column\" data-e-type=\"column\">\n\t\t\t<div class=\"elementor-widget-wrap elementor-element-populated\">\n\t\t\t\t\t\t<div class=\"elementor-element elementor-element-e9cbd84 elementor-grid-1 e-grid-align-right elementor-widget__width-inherit elementor-fixed elementor-shape-rounded elementor-widget elementor-widget-global elementor-global-1259 elementor-widget-social-icons\" data-id=\"e9cbd84\" data-element_type=\"widget\" data-e-type=\"widget\" data-settings=\"{&quot;sticky&quot;:&quot;top&quot;,&quot;_position&quot;:&quot;fixed&quot;,&quot;sticky_on&quot;:[&quot;desktop&quot;,&quot;tablet&quot;,&quot;mobile&quot;],&quot;sticky_offset&quot;:0,&quot;sticky_effects_offset&quot;:0,&quot;sticky_anchor_link_offset&quot;:0}\" data-widget_type=\"social-icons.default\">\n\t\t\t\t<div class=\"elementor-widget-container\">\n\t\t\t\t\t\t\t<div class=\"elementor-social-icons-wrapper elementor-grid\" role=\"list\">\n\t\t\t\t\t\t\t<span class=\"elementor-grid-item\" role=\"listitem\">\n\t\t\t\t\t<a class=\"elementor-icon elementor-social-icon elementor-social-icon-instagram elementor-repeater-item-bd5d741\" href=\"https:\/\/www.instagram.com\/photographic.pl_official\/\" target=\"_blank\">\n\t\t\t\t\t\t<span class=\"elementor-screen-only\">Instagram<\/span>\n\t\t\t\t\t\t<i aria-hidden=\"true\" class=\"fab fa-instagram\"><\/i>\t\t\t\t\t<\/a>\n\t\t\t\t<\/span>\n\t\t\t\t\t\t\t<span class=\"elementor-grid-item\" role=\"listitem\">\n\t\t\t\t\t<a class=\"elementor-icon elementor-social-icon elementor-social-icon-facebook elementor-repeater-item-ef4beb0\" href=\"https:\/\/www.facebook.com\/FotografiaProduktowaReklamowa\" target=\"_blank\">\n\t\t\t\t\t\t<span class=\"elementor-screen-only\">Facebook<\/span>\n\t\t\t\t\t\t<i aria-hidden=\"true\" class=\"fab fa-facebook\"><\/i>\t\t\t\t\t<\/a>\n\t\t\t\t<\/span>\n\t\t\t\t\t<\/div>\n\t\t\t\t\t\t<\/div>\n\t\t\t\t<\/div>\n\t\t\t\t\t<\/div>\n\t\t<\/div>\n\t\t\t\t\t<\/div>\n\t\t<\/section>\n\t\t\t\t<section class=\"elementor-section elementor-top-section elementor-element elementor-element-7f0b110 elementor-section-boxed elementor-section-height-default elementor-section-height-default\" data-id=\"7f0b110\" data-element_type=\"section\" data-e-type=\"section\">\n\t\t\t\t\t\t<div class=\"elementor-container elementor-column-gap-default\">\n\t\t\t\t\t<div class=\"elementor-column elementor-col-100 elementor-top-column elementor-element elementor-element-04d36b5\" data-id=\"04d36b5\" data-element_type=\"column\" data-e-type=\"column\">\n\t\t\t<div class=\"elementor-widget-wrap elementor-element-populated\">\n\t\t\t\t\t\t<div class=\"elementor-element elementor-element-db78bac elementor-nav-menu--dropdown-tablet elementor-nav-menu__text-align-aside elementor-nav-menu--toggle elementor-nav-menu--burger elementor-widget elementor-widget-nav-menu\" data-id=\"db78bac\" data-element_type=\"widget\" data-e-type=\"widget\" data-settings=\"{&quot;layout&quot;:&quot;horizontal&quot;,&quot;submenu_icon&quot;:{&quot;value&quot;:&quot;&lt;i class=\\&quot;fas fa-caret-down\\&quot; aria-hidden=\\&quot;true\\&quot;&gt;&lt;\\\/i&gt;&quot;,&quot;library&quot;:&quot;fa-solid&quot;},&quot;toggle&quot;:&quot;burger&quot;}\" data-widget_type=\"nav-menu.default\">\n\t\t\t\t<div class=\"elementor-widget-container\">\n\t\t\t\t\t\t\t\t<nav aria-label=\"Menu\" class=\"elementor-nav-menu--main elementor-nav-menu__container elementor-nav-menu--layout-horizontal e--pointer-underline e--animation-fade\">\n\t\t\t\t<ul id=\"menu-1-db78bac\" class=\"elementor-nav-menu\"><li class=\"menu-item menu-item-type-post_type menu-item-object-page menu-item-3196\"><a href=\"https:\/\/photographic.pl\/en\/oferta\/packshoty\/\" class=\"elementor-item menu-link\">\u00b7 Packshoty<\/a><\/li>\n<li class=\"menu-item menu-item-type-post_type menu-item-object-page menu-item-3194\"><a href=\"https:\/\/photographic.pl\/en\/oferta\/zdjecia_aranzowane\/\" class=\"elementor-item menu-link\">\u00b7 Zdj\u0119cia aran\u017cowane<\/a><\/li>\n<li class=\"menu-item menu-item-type-post_type menu-item-object-page menu-item-3195\"><a href=\"https:\/\/photographic.pl\/en\/oferta\/odziez\/\" class=\"elementor-item menu-link\">\u00b7 Fotografia odzie\u017cy<\/a><\/li>\n<li class=\"menu-item menu-item-type-post_type menu-item-object-page menu-item-3192\"><a href=\"https:\/\/photographic.pl\/en\/oferta\/zdjecia-360-stopni\/\" class=\"elementor-item menu-link\">\u00b7 Zdj\u0119cia 360 stopni<\/a><\/li>\n<li class=\"menu-item menu-item-type-post_type menu-item-object-page menu-item-3193\"><a href=\"https:\/\/photographic.pl\/en\/oferta\/fotografia-wnetrz\/\" class=\"elementor-item menu-link\">\u00b7 Fotografia wn\u0119trz<\/a><\/li>\n<li class=\"menu-item menu-item-type-post_type menu-item-object-page menu-item-3191\"><a href=\"https:\/\/photographic.pl\/en\/oferta\/retusz\/\" class=\"elementor-item menu-link\">\u00b7 Retusz<\/a><\/li>\n<\/ul>\t\t\t<\/nav>\n\t\t\t\t\t<div class=\"elementor-menu-toggle\" role=\"button\" tabindex=\"0\" aria-label=\"Menu Toggle\" aria-expanded=\"false\">\n\t\t\t<i aria-hidden=\"true\" role=\"presentation\" class=\"elementor-menu-toggle__icon--open eicon-menu-bar\"><\/i><i aria-hidden=\"true\" role=\"presentation\" class=\"elementor-menu-toggle__icon--close eicon-close\"><\/i>\t\t<\/div>\n\t\t\t\t\t<nav class=\"elementor-nav-menu--dropdown elementor-nav-menu__container\" aria-hidden=\"true\">\n\t\t\t\t<ul id=\"menu-2-db78bac\" class=\"elementor-nav-menu\"><li class=\"menu-item menu-item-type-post_type menu-item-object-page menu-item-3196\"><a href=\"https:\/\/photographic.pl\/en\/oferta\/packshoty\/\" class=\"elementor-item menu-link\" tabindex=\"-1\">\u00b7 Packshoty<\/a><\/li>\n<li class=\"menu-item menu-item-type-post_type menu-item-object-page menu-item-3194\"><a href=\"https:\/\/photographic.pl\/en\/oferta\/zdjecia_aranzowane\/\" class=\"elementor-item menu-link\" tabindex=\"-1\">\u00b7 Zdj\u0119cia aran\u017cowane<\/a><\/li>\n<li class=\"menu-item menu-item-type-post_type menu-item-object-page menu-item-3195\"><a href=\"https:\/\/photographic.pl\/en\/oferta\/odziez\/\" class=\"elementor-item menu-link\" tabindex=\"-1\">\u00b7 Fotografia odzie\u017cy<\/a><\/li>\n<li class=\"menu-item menu-item-type-post_type menu-item-object-page menu-item-3192\"><a href=\"https:\/\/photographic.pl\/en\/oferta\/zdjecia-360-stopni\/\" class=\"elementor-item menu-link\" tabindex=\"-1\">\u00b7 Zdj\u0119cia 360 stopni<\/a><\/li>\n<li class=\"menu-item menu-item-type-post_type menu-item-object-page menu-item-3193\"><a href=\"https:\/\/photographic.pl\/en\/oferta\/fotografia-wnetrz\/\" class=\"elementor-item menu-link\" tabindex=\"-1\">\u00b7 Fotografia wn\u0119trz<\/a><\/li>\n<li class=\"menu-item menu-item-type-post_type menu-item-object-page menu-item-3191\"><a href=\"https:\/\/photographic.pl\/en\/oferta\/retusz\/\" class=\"elementor-item menu-link\" tabindex=\"-1\">\u00b7 Retusz<\/a><\/li>\n<\/ul>\t\t\t<\/nav>\n\t\t\t\t\t\t<\/div>\n\t\t\t\t<\/div>\n\t\t\t\t\t<\/div>\n\t\t<\/div>\n\t\t\t\t\t<\/div>\n\t\t<\/section>\n\t\t\t\t<\/div>\n\t\t","protected":false},"excerpt":{"rendered":"<p>Instagram Facebook<\/p>","protected":false},"author":1,"featured_media":0,"parent":0,"menu_order":0,"comment_status":"closed","ping_status":"closed","template":"","meta":{"site-sidebar-layout":"no-sidebar","site-content-layout":"page-builder","ast-site-content-layout":"default","site-content-style":"default","site-sidebar-style":"default","ast-global-header-display":"","ast-banner-title-visibility":"","ast-main-header-display":"","ast-hfb-above-header-display":"","ast-hfb-below-header-display":"","ast-hfb-mobile-header-display":"","site-post-title":"disabled","ast-breadcrumbs-content":"","ast-featured-img":"disabled","footer-sml-layout":"","ast-disable-related-posts":"","theme-transparent-header-meta":"default","adv-header-id-meta":"","stick-header-meta":"default","header-above-stick-meta":"","header-main-stick-meta":"","header-below-stick-meta":"","astra-migrate-meta-layouts":"default","ast-page-background-enabled":"default","ast-page-background-meta":{"desktop":{"background-color":"","background-image":"","background-repeat":"repeat","background-position":"center center","background-size":"auto","background-attachment":"scroll","background-type":"","background-media":"","overlay-type":"","overlay-color":"","overlay-opacity":"","overlay-gradient":""},"tablet":{"background-color":"","background-image":"","background-repeat":"repeat","background-position":"center center","background-size":"auto","background-attachment":"scroll","background-type":"","background-media":"","overlay-type":"","overlay-color":"","overlay-opacity":"","overlay-gradient":""},"mobile":{"background-color":"","background-image":"","background-repeat":"repeat","background-position":"center center","background-size":"auto","background-attachment":"scroll","background-type":"","background-media":"","overlay-type":"","overlay-color":"","overlay-opacity":"","overlay-gradient":""}},"ast-content-background-meta":{"desktop":{"background-color":"var(--ast-global-color-5)","background-image":"","background-repeat":"repeat","background-position":"center center","background-size":"auto","background-attachment":"scroll","background-type":"","background-media":"","overlay-type":"","overlay-color":"","overlay-opacity":"","overlay-gradient":""},"tablet":{"background-color":"var(--ast-global-color-5)","background-image":"","background-repeat":"repeat","background-position":"center center","background-size":"auto","background-attachment":"scroll","background-type":"","background-media":"","overlay-type":"","overlay-color":"","overlay-opacity":"","overlay-gradient":""},"mobile":{"background-color":"var(--ast-global-color-5)","background-image":"","background-repeat":"repeat","background-position":"center center","background-size":"auto","background-attachment":"scroll","background-type":"","background-media":"","overlay-type":"","overlay-color":"","overlay-opacity":"","overlay-gradient":""}},"footnotes":""},"class_list":["post-646","page","type-page","status-publish","hentry"],"yoast_head":"<!-- This site is optimized with the Yoast SEO plugin v27.4 - https:\/\/yoast.com\/product\/yoast-seo-wordpress\/ -->\n<title>Oferta - photographic.pl<\/title>\n<meta name=\"description\" content=\"Profesjonalny fotograf | packshoty, zdj\u0119cia 360, zdj\u0119cia ubra\u0144, zdj\u0119cia reklamowe w aran\u017cowanej scenografii, zdj\u0119cia wn\u0119trz, wirtualne spacery.\" \/>\n<meta name=\"robots\" content=\"index, follow, max-snippet:-1, max-image-preview:large, max-video-preview:-1\" \/>\n<link rel=\"canonical\" href=\"https:\/\/photographic.pl\/en\/oferta\/\" \/>\n<meta property=\"og:locale\" content=\"en_GB\" \/>\n<meta property=\"og:type\" content=\"article\" \/>\n<meta property=\"og:title\" content=\"Oferta - photographic.pl\" \/>\n<meta property=\"og:description\" content=\"Profesjonalny fotograf | packshoty, zdj\u0119cia 360, zdj\u0119cia ubra\u0144, zdj\u0119cia reklamowe w aran\u017cowanej scenografii, zdj\u0119cia wn\u0119trz, wirtualne spacery.\" \/>\n<meta property=\"og:url\" content=\"https:\/\/photographic.pl\/en\/oferta\/\" \/>\n<meta property=\"og:site_name\" content=\"photographic.pl\" \/>\n<meta property=\"article:publisher\" content=\"https:\/\/www.facebook.com\/FotografiaProduktowaReklamowa\" \/>\n<meta property=\"article:modified_time\" content=\"2021-09-28T08:14:17+00:00\" \/>\n<meta name=\"twitter:card\" content=\"summary_large_image\" \/>\n<meta name=\"twitter:label1\" content=\"Estimated reading time\" \/>\n\t<meta name=\"twitter:data1\" content=\"1 minute\" \/>\n<script type=\"application\/ld+json\" class=\"yoast-schema-graph\">{\"@context\":\"https:\\\/\\\/schema.org\",\"@graph\":[{\"@type\":\"WebPage\",\"@id\":\"https:\\\/\\\/photographic.pl\\\/oferta\\\/\",\"url\":\"https:\\\/\\\/photographic.pl\\\/oferta\\\/\",\"name\":\"Oferta - photographic.pl\",\"isPartOf\":{\"@id\":\"https:\\\/\\\/photographic.pl\\\/#website\"},\"datePublished\":\"2020-06-21T15:53:54+00:00\",\"dateModified\":\"2021-09-28T08:14:17+00:00\",\"description\":\"Profesjonalny fotograf | packshoty, zdj\u0119cia 360, zdj\u0119cia ubra\u0144, zdj\u0119cia reklamowe w aran\u017cowanej scenografii, zdj\u0119cia wn\u0119trz, wirtualne spacery.\",\"breadcrumb\":{\"@id\":\"https:\\\/\\\/photographic.pl\\\/oferta\\\/#breadcrumb\"},\"inLanguage\":\"en-GB\",\"potentialAction\":[{\"@type\":\"ReadAction\",\"target\":[\"https:\\\/\\\/photographic.pl\\\/oferta\\\/\"]}]},{\"@type\":\"BreadcrumbList\",\"@id\":\"https:\\\/\\\/photographic.pl\\\/oferta\\\/#breadcrumb\",\"itemListElement\":[{\"@type\":\"ListItem\",\"position\":1,\"name\":\"Strona g\u0142\u00f3wna\",\"item\":\"https:\\\/\\\/photographic.pl\\\/\"},{\"@type\":\"ListItem\",\"position\":2,\"name\":\"Oferta\"}]},{\"@type\":\"WebSite\",\"@id\":\"https:\\\/\\\/photographic.pl\\\/#website\",\"url\":\"https:\\\/\\\/photographic.pl\\\/\",\"name\":\"photographic.pl\",\"description\":\"Fotografia produktowa i reklamowa\",\"publisher\":{\"@id\":\"https:\\\/\\\/photographic.pl\\\/#organization\"},\"potentialAction\":[{\"@type\":\"SearchAction\",\"target\":{\"@type\":\"EntryPoint\",\"urlTemplate\":\"https:\\\/\\\/photographic.pl\\\/?s={search_term_string}\"},\"query-input\":{\"@type\":\"PropertyValueSpecification\",\"valueRequired\":true,\"valueName\":\"search_term_string\"}}],\"inLanguage\":\"en-GB\"},{\"@type\":\"Organization\",\"@id\":\"https:\\\/\\\/photographic.pl\\\/#organization\",\"name\":\"photographic.pl\",\"url\":\"https:\\\/\\\/photographic.pl\\\/\",\"logo\":{\"@type\":\"ImageObject\",\"inLanguage\":\"en-GB\",\"@id\":\"https:\\\/\\\/photographic.pl\\\/#\\\/schema\\\/logo\\\/image\\\/\",\"url\":\"https:\\\/\\\/photographic.pl\\\/wp-content\\\/uploads\\\/2020\\\/06\\\/photographic-logo-dark@.svg\",\"contentUrl\":\"https:\\\/\\\/photographic.pl\\\/wp-content\\\/uploads\\\/2020\\\/06\\\/photographic-logo-dark@.svg\",\"width\":1457,\"height\":190,\"caption\":\"photographic.pl\"},\"image\":{\"@id\":\"https:\\\/\\\/photographic.pl\\\/#\\\/schema\\\/logo\\\/image\\\/\"},\"sameAs\":[\"https:\\\/\\\/www.facebook.com\\\/FotografiaProduktowaReklamowa\",\"https:\\\/\\\/www.instagram.com\\\/photographic.pl_official\\\/\",\"https:\\\/\\\/www.linkedin.com\\\/company\\\/26187785\"]}]}<\/script>\n<!-- \/ Yoast SEO plugin. -->","yoast_head_json":{"title":"Oferta - photographic.pl","description":"Profesjonalny fotograf | packshoty, zdj\u0119cia 360, zdj\u0119cia ubra\u0144, zdj\u0119cia reklamowe w aran\u017cowanej scenografii, zdj\u0119cia wn\u0119trz, wirtualne spacery.","robots":{"index":"index","follow":"follow","max-snippet":"max-snippet:-1","max-image-preview":"max-image-preview:large","max-video-preview":"max-video-preview:-1"},"canonical":"https:\/\/photographic.pl\/en\/oferta\/","og_locale":"en_GB","og_type":"article","og_title":"Oferta - photographic.pl","og_description":"Profesjonalny fotograf | packshoty, zdj\u0119cia 360, zdj\u0119cia ubra\u0144, zdj\u0119cia reklamowe w aran\u017cowanej scenografii, zdj\u0119cia wn\u0119trz, wirtualne spacery.","og_url":"https:\/\/photographic.pl\/en\/oferta\/","og_site_name":"photographic.pl","article_publisher":"https:\/\/www.facebook.com\/FotografiaProduktowaReklamowa","article_modified_time":"2021-09-28T08:14:17+00:00","twitter_card":"summary_large_image","twitter_misc":{"Estimated reading time":"1 minute"},"schema":{"@context":"https:\/\/schema.org","@graph":[{"@type":"WebPage","@id":"https:\/\/photographic.pl\/oferta\/","url":"https:\/\/photographic.pl\/oferta\/","name":"Oferta - photographic.pl","isPartOf":{"@id":"https:\/\/photographic.pl\/#website"},"datePublished":"2020-06-21T15:53:54+00:00","dateModified":"2021-09-28T08:14:17+00:00","description":"Profesjonalny fotograf | packshoty, zdj\u0119cia 360, zdj\u0119cia ubra\u0144, zdj\u0119cia reklamowe w aran\u017cowanej scenografii, zdj\u0119cia wn\u0119trz, wirtualne spacery.","breadcrumb":{"@id":"https:\/\/photographic.pl\/oferta\/#breadcrumb"},"inLanguage":"en-GB","potentialAction":[{"@type":"ReadAction","target":["https:\/\/photographic.pl\/oferta\/"]}]},{"@type":"BreadcrumbList","@id":"https:\/\/photographic.pl\/oferta\/#breadcrumb","itemListElement":[{"@type":"ListItem","position":1,"name":"Strona g\u0142\u00f3wna","item":"https:\/\/photographic.pl\/"},{"@type":"ListItem","position":2,"name":"Oferta"}]},{"@type":"WebSite","@id":"https:\/\/photographic.pl\/#website","url":"https:\/\/photographic.pl\/","name":"photographic.pl","description":"Product and Advertising Photography","publisher":{"@id":"https:\/\/photographic.pl\/#organization"},"potentialAction":[{"@type":"SearchAction","target":{"@type":"EntryPoint","urlTemplate":"https:\/\/photographic.pl\/?s={search_term_string}"},"query-input":{"@type":"PropertyValueSpecification","valueRequired":true,"valueName":"search_term_string"}}],"inLanguage":"en-GB"},{"@type":"Organization","@id":"https:\/\/photographic.pl\/#organization","name":"photographic.pl","url":"https:\/\/photographic.pl\/","logo":{"@type":"ImageObject","inLanguage":"en-GB","@id":"https:\/\/photographic.pl\/#\/schema\/logo\/image\/","url":"https:\/\/photographic.pl\/wp-content\/uploads\/2020\/06\/photographic-logo-dark@.svg","contentUrl":"https:\/\/photographic.pl\/wp-content\/uploads\/2020\/06\/photographic-logo-dark@.svg","width":1457,"height":190,"caption":"photographic.pl"},"image":{"@id":"https:\/\/photographic.pl\/#\/schema\/logo\/image\/"},"sameAs":["https:\/\/www.facebook.com\/FotografiaProduktowaReklamowa","https:\/\/www.instagram.com\/photographic.pl_official\/","https:\/\/www.linkedin.com\/company\/26187785"]}]}},"_links":{"self":[{"href":"https:\/\/photographic.pl\/en\/wp-json\/wp\/v2\/pages\/646","targetHints":{"allow":["GET"]}}],"collection":[{"href":"https:\/\/photographic.pl\/en\/wp-json\/wp\/v2\/pages"}],"about":[{"href":"https:\/\/photographic.pl\/en\/wp-json\/wp\/v2\/types\/page"}],"author":[{"embeddable":true,"href":"https:\/\/photographic.pl\/en\/wp-json\/wp\/v2\/users\/1"}],"replies":[{"embeddable":true,"href":"https:\/\/photographic.pl\/en\/wp-json\/wp\/v2\/comments?post=646"}],"version-history":[{"count":9,"href":"https:\/\/photographic.pl\/en\/wp-json\/wp\/v2\/pages\/646\/revisions"}],"predecessor-version":[{"id":3199,"href":"https:\/\/photographic.pl\/en\/wp-json\/wp\/v2\/pages\/646\/revisions\/3199"}],"wp:attachment":[{"href":"https:\/\/photographic.pl\/en\/wp-json\/wp\/v2\/media?parent=646"}],"curies":[{"name":"wp","href":"https:\/\/api.w.org\/{rel}","templated":true}]}}