{"id":606,"date":"2020-06-21T16:21:14","date_gmt":"2020-06-21T14:21:14","guid":{"rendered":"http:\/\/wordpress2093078.home.pl\/autoinstalator\/wordpressplus\/?page_id=606"},"modified":"2020-07-03T19:23:39","modified_gmt":"2020-07-03T17:23:39","slug":"warunki-licencji","status":"publish","type":"page","link":"https:\/\/photographic.pl\/en\/warunki-licencji\/","title":{"rendered":"License Terms"},"content":{"rendered":"\t\t<div data-elementor-type=\"wp-page\" data-elementor-id=\"606\" class=\"elementor elementor-606\" data-elementor-post-type=\"page\">\n\t\t\t\t\t\t<section class=\"elementor-section elementor-top-section elementor-element elementor-element-66504df elementor-section-boxed elementor-section-height-default elementor-section-height-default\" data-id=\"66504df\" data-element_type=\"section\" data-e-type=\"section\">\n\t\t\t\t\t\t<div class=\"elementor-container elementor-column-gap-default\">\n\t\t\t\t\t<div class=\"elementor-column elementor-col-100 elementor-top-column elementor-element elementor-element-38ff225\" data-id=\"38ff225\" data-element_type=\"column\" data-e-type=\"column\">\n\t\t\t<div class=\"elementor-widget-wrap elementor-element-populated\">\n\t\t\t\t\t\t<div class=\"elementor-element elementor-element-fcf7f6b elementor-widget elementor-widget-heading\" data-id=\"fcf7f6b\" data-element_type=\"widget\" data-e-type=\"widget\" data-widget_type=\"heading.default\">\n\t\t\t\t<div class=\"elementor-widget-container\">\n\t\t\t\t\t<h1 class=\"elementor-heading-title elementor-size-default\">Warunki <b>licencji<\/b><\/h1>\t\t\t\t<\/div>\n\t\t\t\t<\/div>\n\t\t\t\t\t<\/div>\n\t\t<\/div>\n\t\t\t\t\t<\/div>\n\t\t<\/section>\n\t\t\t\t<section class=\"elementor-section elementor-top-section elementor-element elementor-element-8df72f7 elementor-section-boxed elementor-section-height-default elementor-section-height-default\" data-id=\"8df72f7\" data-element_type=\"section\" data-e-type=\"section\">\n\t\t\t\t\t\t<div class=\"elementor-container elementor-column-gap-default\">\n\t\t\t\t\t<div class=\"elementor-column elementor-col-100 elementor-top-column elementor-element elementor-element-ec7a7f6\" data-id=\"ec7a7f6\" data-element_type=\"column\" data-e-type=\"column\">\n\t\t\t<div class=\"elementor-widget-wrap elementor-element-populated\">\n\t\t\t\t\t\t<div class=\"elementor-element elementor-element-5b34f6c elementor-widget elementor-widget-heading\" data-id=\"5b34f6c\" data-element_type=\"widget\" data-e-type=\"widget\" data-widget_type=\"heading.default\">\n\t\t\t\t<div class=\"elementor-widget-container\">\n\t\t\t\t\t<h3 class=\"elementor-heading-title elementor-size-default\">Postanowienia og\u00f3lne<\/h3>\t\t\t\t<\/div>\n\t\t\t\t<\/div>\n\t\t\t\t<div class=\"elementor-element elementor-element-fd37dae elementor-widget-divider--view-line elementor-widget elementor-widget-divider\" data-id=\"fd37dae\" data-element_type=\"widget\" data-e-type=\"widget\" data-widget_type=\"divider.default\">\n\t\t\t\t<div class=\"elementor-widget-container\">\n\t\t\t\t\t\t\t<div class=\"elementor-divider\">\n\t\t\t<span class=\"elementor-divider-separator\">\n\t\t\t\t\t\t<\/span>\n\t\t<\/div>\n\t\t\t\t\t\t<\/div>\n\t\t\t\t<\/div>\n\t\t\t\t<div class=\"elementor-element elementor-element-94b47df elementor-widget elementor-widget-text-editor\" data-id=\"94b47df\" data-element_type=\"widget\" data-e-type=\"widget\" data-widget_type=\"text-editor.default\">\n\t\t\t\t<div class=\"elementor-widget-container\">\n\t\t\t\t\t\t\t\t\t<ul><li>Poni\u017csze zapisy okre\u015blaj\u0105 warunki licencji udzielane Licencjobiorcy przez Licencjodawc\u0119 obejmuj\u0105ce korzystanie z maj\u0105tkowych praw autorskich do Fotografii wykonywanych na rzecz Licencjobiorcy w ramach us\u0142ug zlecanych Licencjodawcy na podstawie Zam\u00f3wienia.<\/li><\/ul>\t\t\t\t\t\t\t\t<\/div>\n\t\t\t\t<\/div>\n\t\t\t\t<div class=\"elementor-element elementor-element-f13aba8 elementor-widget elementor-widget-heading\" data-id=\"f13aba8\" data-element_type=\"widget\" data-e-type=\"widget\" data-widget_type=\"heading.default\">\n\t\t\t\t<div class=\"elementor-widget-container\">\n\t\t\t\t\t<h3 class=\"elementor-heading-title elementor-size-default\">Definicje<\/h3>\t\t\t\t<\/div>\n\t\t\t\t<\/div>\n\t\t\t\t<div class=\"elementor-element elementor-element-0d67bce elementor-widget-divider--view-line elementor-widget elementor-widget-divider\" data-id=\"0d67bce\" data-element_type=\"widget\" data-e-type=\"widget\" data-widget_type=\"divider.default\">\n\t\t\t\t<div class=\"elementor-widget-container\">\n\t\t\t\t\t\t\t<div class=\"elementor-divider\">\n\t\t\t<span class=\"elementor-divider-separator\">\n\t\t\t\t\t\t<\/span>\n\t\t<\/div>\n\t\t\t\t\t\t<\/div>\n\t\t\t\t<\/div>\n\t\t\t\t<div class=\"elementor-element elementor-element-2ce1e9e elementor-widget elementor-widget-text-editor\" data-id=\"2ce1e9e\" data-element_type=\"widget\" data-e-type=\"widget\" data-widget_type=\"text-editor.default\">\n\t\t\t\t<div class=\"elementor-widget-container\">\n\t\t\t\t\t\t\t\t\t<ul><li>Licencjodawca \u2013 &#8222;photographic.pl Andrzej Paszkowski&#8221;, us\u0142ugodawca i administrator strony internetowej <a class=\"custom_link\" href=\"https:\/\/photographic.pl\/\">photographic.pl<\/a>,\u00a0z siedzib\u0105 w J\u00f3zefowie (05-420), ul. Owalna 35.<\/li><li>Licencjobiorca\u00a0\u2013 klient korzystaj\u0105cy\u00a0z us\u0142ug Licencjodawcy.<\/li><li>Zam\u00f3wienie \u2013 zlecenie wykonania us\u0142ugi wykonania zdj\u0119\u0107 okre\u015blonego produktu wraz z odpowiedni\u0105 obr\u00f3bk\u0105 graficzn\u0105, sk\u0142adane przez Licencjobiorc\u0119 przy pomocy narz\u0119dzi oferowanych przez stron\u0119 internetow\u0105 b\u0105d\u017a wiadomo\u015bci e-mail.<\/li><li>Fotografia\u00a0&#8211; produkt\u00a0(zdj\u0119cie) powsta\u0142y\u00a0w wyniku realizacji przez Licencjodawc\u0119 Zam\u00f3wienia z\u0142o\u017conego przez Licencjobiorc\u0119.<\/li><\/ul>\t\t\t\t\t\t\t\t<\/div>\n\t\t\t\t<\/div>\n\t\t\t\t<div class=\"elementor-element elementor-element-a27066d elementor-widget elementor-widget-heading\" data-id=\"a27066d\" data-element_type=\"widget\" data-e-type=\"widget\" data-widget_type=\"heading.default\">\n\t\t\t\t<div class=\"elementor-widget-container\">\n\t\t\t\t\t<h3 class=\"elementor-heading-title elementor-size-default\">O\u015bwiadczenia Licencjodawcy<\/h3>\t\t\t\t<\/div>\n\t\t\t\t<\/div>\n\t\t\t\t<div class=\"elementor-element elementor-element-3f77d49 elementor-widget-divider--view-line elementor-widget elementor-widget-divider\" data-id=\"3f77d49\" data-element_type=\"widget\" data-e-type=\"widget\" data-widget_type=\"divider.default\">\n\t\t\t\t<div class=\"elementor-widget-container\">\n\t\t\t\t\t\t\t<div class=\"elementor-divider\">\n\t\t\t<span class=\"elementor-divider-separator\">\n\t\t\t\t\t\t<\/span>\n\t\t<\/div>\n\t\t\t\t\t\t<\/div>\n\t\t\t\t<\/div>\n\t\t\t\t<div class=\"elementor-element elementor-element-4ebd4cc elementor-widget elementor-widget-text-editor\" data-id=\"4ebd4cc\" data-element_type=\"widget\" data-e-type=\"widget\" data-widget_type=\"text-editor.default\">\n\t\t\t\t<div class=\"elementor-widget-container\">\n\t\t\t\t\t\t\t\t\t<ul><li>Licencjodawca o\u015bwiadcza, i\u017c:<p>&#8211; dysponuje prawami autorskimi do Fotografii,<\/p><p>&#8211; korzystanie z Fotografii przez Licencjobiorc\u0119 zgodnie z niniejsz\u0105 Warunkami licencji nie b\u0119dzie narusza\u0107 praw os\u00f3b trzecich, w tym praw wynikaj\u0105cych z ochrony danych osobowych,<\/p><p>&#8211; w wypadku Fotografii, na kt\u00f3rych utrwalono wizerunek os\u00f3b trzecich \u2013 posiada zgod\u0119 tych os\u00f3b na wykorzystanie ich wizerunku w zakresie okre\u015blonym w\u00a0 niniejszych\u00a0Warunkach.<\/p><\/li><li>W razie wyst\u0105pienia przeciwko Licencjobiorcy przez osoby trzecie z roszczeniami z tytu\u0142u naruszenia praw autorskich do Fotografii lub praw do wizerunku lub praw wynikaj\u0105cych z ochrony danych osobowych w zwi\u0105zku z korzystaniem przez Licencjobiorc\u0119 z Fotografii zgodnie z postanowieniami Umowy, Licencjodawca zobowi\u0105zuje si\u0119 udzieli\u0107 Licencjobiorcy wszelkiej pomocy.<\/li><\/ul>\t\t\t\t\t\t\t\t<\/div>\n\t\t\t\t<\/div>\n\t\t\t\t<div class=\"elementor-element elementor-element-8decdf3 elementor-widget elementor-widget-heading\" data-id=\"8decdf3\" data-element_type=\"widget\" data-e-type=\"widget\" data-widget_type=\"heading.default\">\n\t\t\t\t<div class=\"elementor-widget-container\">\n\t\t\t\t\t<h3 class=\"elementor-heading-title elementor-size-default\">Zakres licencji<\/h3>\t\t\t\t<\/div>\n\t\t\t\t<\/div>\n\t\t\t\t<div class=\"elementor-element elementor-element-6a857ea elementor-widget-divider--view-line elementor-widget elementor-widget-divider\" data-id=\"6a857ea\" data-element_type=\"widget\" data-e-type=\"widget\" data-widget_type=\"divider.default\">\n\t\t\t\t<div class=\"elementor-widget-container\">\n\t\t\t\t\t\t\t<div class=\"elementor-divider\">\n\t\t\t<span class=\"elementor-divider-separator\">\n\t\t\t\t\t\t<\/span>\n\t\t<\/div>\n\t\t\t\t\t\t<\/div>\n\t\t\t\t<\/div>\n\t\t\t\t<div class=\"elementor-element elementor-element-878a4b5 elementor-widget elementor-widget-text-editor\" data-id=\"878a4b5\" data-element_type=\"widget\" data-e-type=\"widget\" data-widget_type=\"text-editor.default\">\n\t\t\t\t<div class=\"elementor-widget-container\">\n\t\t\t\t\t\t\t\t\t<ul><li>Licencjodawca udziela Licencjobiorcy niewy\u0142\u0105cznego, bezterminowego\u00a0prawa do korzystania z autorskich praw maj\u0105tkowych do Fotografii, bez ogranicze\u0144 terytorialnych, na nast\u0119puj\u0105cych polach eksploatacji:<p>&#8211; utrwalanie i zwielokrotnianie Fotografii &#8211; wytwarzanie okre\u015blon\u0105 technik\u0105 egzemplarzy utworu, w tym technik\u0105 drukarsk\u0105, reprograficzn\u0105, zapisu magnetycznego oraz technik\u0105 cyfrow\u0105,<\/p><p>&#8211; wprowadzanie do obrotu orygina\u0142u albo egzemplarzy,<\/p><p>&#8211; publiczne wykonanie, wystawienie, wy\u015bwietlenie, odtworzenie oraz nadawanie i reemitowanie, a tak\u017ce publiczne udost\u0119pnianie utworu w taki spos\u00f3b, aby ka\u017cdy m\u00f3g\u0142 mie\u0107 do niego dost\u0119p w miejscu i w czasie przez siebie wybranym.<\/p><\/li><li><p>Niniejsza licencja obejmuje prawo Licencjobiorcy do powierzania utrwalania lub zwielokrotniania Fotografii.<\/p><\/li><li><p>Niniejsza licencja nie obejmuje prawa Licencjobiorcy\u00a0do udzielania dalszych licencji wy\u0142\u0105cznych. Licencjobiorca mo\u017ce naby\u0107 takie prawa za dodatkow\u0105 op\u0142at\u0105, po uzgodnieniu z Licencjodawc\u0105.<\/p><\/li><li>W celu unikni\u0119cia w\u0105tpliwo\u015bci Strony potwierdzaj\u0105, i\u017c Licencjobiorca nie jest uprawniony do ingerowania w tre\u015b\u0107 Fotografii.<\/li><\/ul>\t\t\t\t\t\t\t\t<\/div>\n\t\t\t\t<\/div>\n\t\t\t\t<div class=\"elementor-element elementor-element-81bb7f0 elementor-widget elementor-widget-heading\" data-id=\"81bb7f0\" data-element_type=\"widget\" data-e-type=\"widget\" data-widget_type=\"heading.default\">\n\t\t\t\t<div class=\"elementor-widget-container\">\n\t\t\t\t\t<h3 class=\"elementor-heading-title elementor-size-default\">Cofni\u0119cie licencji<\/h3>\t\t\t\t<\/div>\n\t\t\t\t<\/div>\n\t\t\t\t<div class=\"elementor-element elementor-element-6dbd373 elementor-widget-divider--view-line elementor-widget elementor-widget-divider\" data-id=\"6dbd373\" data-element_type=\"widget\" data-e-type=\"widget\" data-widget_type=\"divider.default\">\n\t\t\t\t<div class=\"elementor-widget-container\">\n\t\t\t\t\t\t\t<div class=\"elementor-divider\">\n\t\t\t<span class=\"elementor-divider-separator\">\n\t\t\t\t\t\t<\/span>\n\t\t<\/div>\n\t\t\t\t\t\t<\/div>\n\t\t\t\t<\/div>\n\t\t\t\t<div class=\"elementor-element elementor-element-f64161a elementor-widget elementor-widget-text-editor\" data-id=\"f64161a\" data-element_type=\"widget\" data-e-type=\"widget\" data-widget_type=\"text-editor.default\">\n\t\t\t\t<div class=\"elementor-widget-container\">\n\t\t\t\t\t\t\t\t\t<ul><li>Licencjodawca ma prawo do cofni\u0119cia licencji w razie u\u017cytkowania Fotografii przekraczaj\u0105cego zakres udzielonej licencji przez Licencjobiorc\u0119 lub przez podmioty, kt\u00f3rym Licencjobiorca udzieli\u0142 dalszej licencji. Strony zastrzegaj\u0105, i\u017c w takim wypadku wynagrodzenie pobrane przez Licencjodawc\u0119 nie podlega zwrotowi.<\/li><\/ul>\t\t\t\t\t\t\t\t<\/div>\n\t\t\t\t<\/div>\n\t\t\t\t\t<\/div>\n\t\t<\/div>\n\t\t\t\t\t<\/div>\n\t\t<\/section>\n\t\t\t\t<section class=\"elementor-section elementor-top-section elementor-element elementor-element-98b7811 elementor-section-boxed elementor-section-height-default elementor-section-height-default\" data-id=\"98b7811\" data-element_type=\"section\" data-e-type=\"section\">\n\t\t\t\t\t\t<div class=\"elementor-container elementor-column-gap-default\">\n\t\t\t\t\t<div class=\"elementor-column elementor-col-100 elementor-top-column elementor-element elementor-element-47ff326\" data-id=\"47ff326\" data-element_type=\"column\" data-e-type=\"column\">\n\t\t\t<div class=\"elementor-widget-wrap elementor-element-populated\">\n\t\t\t\t\t\t<div class=\"elementor-element elementor-element-3f11d00 elementor-grid-1 e-grid-align-right elementor-widget__width-inherit elementor-fixed elementor-shape-rounded elementor-widget elementor-widget-global elementor-global-1259 elementor-widget-social-icons\" data-id=\"3f11d00\" data-element_type=\"widget\" data-e-type=\"widget\" data-settings=\"{&quot;sticky&quot;:&quot;top&quot;,&quot;_position&quot;:&quot;fixed&quot;,&quot;sticky_on&quot;:[&quot;desktop&quot;,&quot;tablet&quot;,&quot;mobile&quot;],&quot;sticky_offset&quot;:0,&quot;sticky_effects_offset&quot;:0,&quot;sticky_anchor_link_offset&quot;:0}\" data-widget_type=\"social-icons.default\">\n\t\t\t\t<div class=\"elementor-widget-container\">\n\t\t\t\t\t\t\t<div class=\"elementor-social-icons-wrapper elementor-grid\" role=\"list\">\n\t\t\t\t\t\t\t<span class=\"elementor-grid-item\" role=\"listitem\">\n\t\t\t\t\t<a class=\"elementor-icon elementor-social-icon elementor-social-icon-instagram elementor-repeater-item-bd5d741\" href=\"https:\/\/www.instagram.com\/photographic.pl_official\/\" target=\"_blank\">\n\t\t\t\t\t\t<span class=\"elementor-screen-only\">Instagram<\/span>\n\t\t\t\t\t\t<i aria-hidden=\"true\" class=\"fab fa-instagram\"><\/i>\t\t\t\t\t<\/a>\n\t\t\t\t<\/span>\n\t\t\t\t\t\t\t<span class=\"elementor-grid-item\" role=\"listitem\">\n\t\t\t\t\t<a class=\"elementor-icon elementor-social-icon elementor-social-icon-facebook elementor-repeater-item-ef4beb0\" href=\"https:\/\/www.facebook.com\/FotografiaProduktowaReklamowa\" target=\"_blank\">\n\t\t\t\t\t\t<span class=\"elementor-screen-only\">Facebook<\/span>\n\t\t\t\t\t\t<i aria-hidden=\"true\" class=\"fab fa-facebook\"><\/i>\t\t\t\t\t<\/a>\n\t\t\t\t<\/span>\n\t\t\t\t\t<\/div>\n\t\t\t\t\t\t<\/div>\n\t\t\t\t<\/div>\n\t\t\t\t\t<\/div>\n\t\t<\/div>\n\t\t\t\t\t<\/div>\n\t\t<\/section>\n\t\t\t\t<\/div>\n\t\t","protected":false},"excerpt":{"rendered":"<p>Warunki licencji Postanowienia og\u00f3lne Poni\u017csze zapisy okre\u015blaj\u0105 warunki licencji udzielane Licencjobiorcy przez Licencjodawc\u0119 obejmuj\u0105ce korzystanie z maj\u0105tkowych praw autorskich do Fotografii wykonywanych na rzecz Licencjobiorcy w ramach us\u0142ug zlecanych Licencjodawcy na podstawie Zam\u00f3wienia. Definicje Licencjodawca \u2013 &#8222;photographic.pl Andrzej Paszkowski&#8221;, us\u0142ugodawca i administrator strony internetowej photographic.pl,\u00a0z siedzib\u0105 w J\u00f3zefowie (05-420), ul. Owalna 35. Licencjobiorca\u00a0\u2013 klient korzystaj\u0105cy\u00a0z [&hellip;]<\/p>\n","protected":false},"author":1,"featured_media":0,"parent":0,"menu_order":0,"comment_status":"closed","ping_status":"closed","template":"","meta":{"site-sidebar-layout":"no-sidebar","site-content-layout":"default","ast-site-content-layout":"default","site-content-style":"default","site-sidebar-style":"default","ast-global-header-display":"","ast-banner-title-visibility":"","ast-main-header-display":"","ast-hfb-above-header-display":"","ast-hfb-below-header-display":"","ast-hfb-mobile-header-display":"","site-post-title":"disabled","ast-breadcrumbs-content":"","ast-featured-img":"disabled","footer-sml-layout":"","ast-disable-related-posts":"","theme-transparent-header-meta":"default","adv-header-id-meta":"","stick-header-meta":"default","header-above-stick-meta":"","header-main-stick-meta":"","header-below-stick-meta":"","astra-migrate-meta-layouts":"default","ast-page-background-enabled":"default","ast-page-background-meta":{"desktop":{"background-color":"","background-image":"","background-repeat":"repeat","background-position":"center center","background-size":"auto","background-attachment":"scroll","background-type":"","background-media":"","overlay-type":"","overlay-color":"","overlay-opacity":"","overlay-gradient":""},"tablet":{"background-color":"","background-image":"","background-repeat":"repeat","background-position":"center center","background-size":"auto","background-attachment":"scroll","background-type":"","background-media":"","overlay-type":"","overlay-color":"","overlay-opacity":"","overlay-gradient":""},"mobile":{"background-color":"","background-image":"","background-repeat":"repeat","background-position":"center center","background-size":"auto","background-attachment":"scroll","background-type":"","background-media":"","overlay-type":"","overlay-color":"","overlay-opacity":"","overlay-gradient":""}},"ast-content-background-meta":{"desktop":{"background-color":"var(--ast-global-color-5)","background-image":"","background-repeat":"repeat","background-position":"center center","background-size":"auto","background-attachment":"scroll","background-type":"","background-media":"","overlay-type":"","overlay-color":"","overlay-opacity":"","overlay-gradient":""},"tablet":{"background-color":"var(--ast-global-color-5)","background-image":"","background-repeat":"repeat","background-position":"center center","background-size":"auto","background-attachment":"scroll","background-type":"","background-media":"","overlay-type":"","overlay-color":"","overlay-opacity":"","overlay-gradient":""},"mobile":{"background-color":"var(--ast-global-color-5)","background-image":"","background-repeat":"repeat","background-position":"center center","background-size":"auto","background-attachment":"scroll","background-type":"","background-media":"","overlay-type":"","overlay-color":"","overlay-opacity":"","overlay-gradient":""}},"footnotes":""},"class_list":["post-606","page","type-page","status-publish","hentry"],"yoast_head":"<!-- This site is optimized with the Yoast SEO plugin v27.4 - https:\/\/yoast.com\/product\/yoast-seo-wordpress\/ -->\n<title>Warunki licencji - photographic.pl<\/title>\n<meta name=\"robots\" content=\"index, follow, max-snippet:-1, max-image-preview:large, max-video-preview:-1\" \/>\n<link rel=\"canonical\" href=\"https:\/\/photographic.pl\/en\/warunki-licencji\/\" \/>\n<meta property=\"og:locale\" content=\"en_GB\" \/>\n<meta property=\"og:type\" content=\"article\" \/>\n<meta property=\"og:title\" content=\"Warunki licencji - photographic.pl\" \/>\n<meta property=\"og:description\" content=\"Warunki licencji Postanowienia og\u00f3lne Poni\u017csze zapisy okre\u015blaj\u0105 warunki licencji udzielane Licencjobiorcy przez Licencjodawc\u0119 obejmuj\u0105ce korzystanie z maj\u0105tkowych praw autorskich do Fotografii wykonywanych na rzecz Licencjobiorcy w ramach us\u0142ug zlecanych Licencjodawcy na podstawie Zam\u00f3wienia. Definicje Licencjodawca \u2013 &#8222;photographic.pl Andrzej Paszkowski&#8221;, us\u0142ugodawca i administrator strony internetowej photographic.pl,\u00a0z siedzib\u0105 w J\u00f3zefowie (05-420), ul. Owalna 35. Licencjobiorca\u00a0\u2013 klient korzystaj\u0105cy\u00a0z [&hellip;]\" \/>\n<meta property=\"og:url\" content=\"https:\/\/photographic.pl\/en\/warunki-licencji\/\" \/>\n<meta property=\"og:site_name\" content=\"photographic.pl\" \/>\n<meta property=\"article:publisher\" content=\"https:\/\/www.facebook.com\/FotografiaProduktowaReklamowa\" \/>\n<meta property=\"article:modified_time\" content=\"2020-07-03T17:23:39+00:00\" \/>\n<meta name=\"twitter:card\" content=\"summary_large_image\" \/>\n<meta name=\"twitter:label1\" content=\"Estimated reading time\" \/>\n\t<meta name=\"twitter:data1\" content=\"2 minutes\" \/>\n<script type=\"application\/ld+json\" class=\"yoast-schema-graph\">{\"@context\":\"https:\\\/\\\/schema.org\",\"@graph\":[{\"@type\":\"WebPage\",\"@id\":\"https:\\\/\\\/photographic.pl\\\/warunki-licencji\\\/\",\"url\":\"https:\\\/\\\/photographic.pl\\\/warunki-licencji\\\/\",\"name\":\"Warunki licencji - photographic.pl\",\"isPartOf\":{\"@id\":\"https:\\\/\\\/photographic.pl\\\/#website\"},\"datePublished\":\"2020-06-21T14:21:14+00:00\",\"dateModified\":\"2020-07-03T17:23:39+00:00\",\"breadcrumb\":{\"@id\":\"https:\\\/\\\/photographic.pl\\\/warunki-licencji\\\/#breadcrumb\"},\"inLanguage\":\"en-GB\",\"potentialAction\":[{\"@type\":\"ReadAction\",\"target\":[\"https:\\\/\\\/photographic.pl\\\/warunki-licencji\\\/\"]}]},{\"@type\":\"BreadcrumbList\",\"@id\":\"https:\\\/\\\/photographic.pl\\\/warunki-licencji\\\/#breadcrumb\",\"itemListElement\":[{\"@type\":\"ListItem\",\"position\":1,\"name\":\"Strona g\u0142\u00f3wna\",\"item\":\"https:\\\/\\\/photographic.pl\\\/\"},{\"@type\":\"ListItem\",\"position\":2,\"name\":\"Warunki licencji\"}]},{\"@type\":\"WebSite\",\"@id\":\"https:\\\/\\\/photographic.pl\\\/#website\",\"url\":\"https:\\\/\\\/photographic.pl\\\/\",\"name\":\"photographic.pl\",\"description\":\"Fotografia produktowa i reklamowa\",\"publisher\":{\"@id\":\"https:\\\/\\\/photographic.pl\\\/#organization\"},\"potentialAction\":[{\"@type\":\"SearchAction\",\"target\":{\"@type\":\"EntryPoint\",\"urlTemplate\":\"https:\\\/\\\/photographic.pl\\\/?s={search_term_string}\"},\"query-input\":{\"@type\":\"PropertyValueSpecification\",\"valueRequired\":true,\"valueName\":\"search_term_string\"}}],\"inLanguage\":\"en-GB\"},{\"@type\":\"Organization\",\"@id\":\"https:\\\/\\\/photographic.pl\\\/#organization\",\"name\":\"photographic.pl\",\"url\":\"https:\\\/\\\/photographic.pl\\\/\",\"logo\":{\"@type\":\"ImageObject\",\"inLanguage\":\"en-GB\",\"@id\":\"https:\\\/\\\/photographic.pl\\\/#\\\/schema\\\/logo\\\/image\\\/\",\"url\":\"https:\\\/\\\/photographic.pl\\\/wp-content\\\/uploads\\\/2020\\\/06\\\/photographic-logo-dark@.svg\",\"contentUrl\":\"https:\\\/\\\/photographic.pl\\\/wp-content\\\/uploads\\\/2020\\\/06\\\/photographic-logo-dark@.svg\",\"width\":1457,\"height\":190,\"caption\":\"photographic.pl\"},\"image\":{\"@id\":\"https:\\\/\\\/photographic.pl\\\/#\\\/schema\\\/logo\\\/image\\\/\"},\"sameAs\":[\"https:\\\/\\\/www.facebook.com\\\/FotografiaProduktowaReklamowa\",\"https:\\\/\\\/www.instagram.com\\\/photographic.pl_official\\\/\",\"https:\\\/\\\/www.linkedin.com\\\/company\\\/26187785\"]}]}<\/script>\n<!-- \/ Yoast SEO plugin. -->","yoast_head_json":{"title":"Warunki licencji - photographic.pl","robots":{"index":"index","follow":"follow","max-snippet":"max-snippet:-1","max-image-preview":"max-image-preview:large","max-video-preview":"max-video-preview:-1"},"canonical":"https:\/\/photographic.pl\/en\/warunki-licencji\/","og_locale":"en_GB","og_type":"article","og_title":"Warunki licencji - photographic.pl","og_description":"Warunki licencji Postanowienia og\u00f3lne Poni\u017csze zapisy okre\u015blaj\u0105 warunki licencji udzielane Licencjobiorcy przez Licencjodawc\u0119 obejmuj\u0105ce korzystanie z maj\u0105tkowych praw autorskich do Fotografii wykonywanych na rzecz Licencjobiorcy w ramach us\u0142ug zlecanych Licencjodawcy na podstawie Zam\u00f3wienia. Definicje Licencjodawca \u2013 &#8222;photographic.pl Andrzej Paszkowski&#8221;, us\u0142ugodawca i administrator strony internetowej photographic.pl,\u00a0z siedzib\u0105 w J\u00f3zefowie (05-420), ul. Owalna 35. Licencjobiorca\u00a0\u2013 klient korzystaj\u0105cy\u00a0z [&hellip;]","og_url":"https:\/\/photographic.pl\/en\/warunki-licencji\/","og_site_name":"photographic.pl","article_publisher":"https:\/\/www.facebook.com\/FotografiaProduktowaReklamowa","article_modified_time":"2020-07-03T17:23:39+00:00","twitter_card":"summary_large_image","twitter_misc":{"Estimated reading time":"2 minutes"},"schema":{"@context":"https:\/\/schema.org","@graph":[{"@type":"WebPage","@id":"https:\/\/photographic.pl\/warunki-licencji\/","url":"https:\/\/photographic.pl\/warunki-licencji\/","name":"Warunki licencji - photographic.pl","isPartOf":{"@id":"https:\/\/photographic.pl\/#website"},"datePublished":"2020-06-21T14:21:14+00:00","dateModified":"2020-07-03T17:23:39+00:00","breadcrumb":{"@id":"https:\/\/photographic.pl\/warunki-licencji\/#breadcrumb"},"inLanguage":"en-GB","potentialAction":[{"@type":"ReadAction","target":["https:\/\/photographic.pl\/warunki-licencji\/"]}]},{"@type":"BreadcrumbList","@id":"https:\/\/photographic.pl\/warunki-licencji\/#breadcrumb","itemListElement":[{"@type":"ListItem","position":1,"name":"Strona g\u0142\u00f3wna","item":"https:\/\/photographic.pl\/"},{"@type":"ListItem","position":2,"name":"Warunki licencji"}]},{"@type":"WebSite","@id":"https:\/\/photographic.pl\/#website","url":"https:\/\/photographic.pl\/","name":"photographic.pl","description":"Product and Advertising Photography","publisher":{"@id":"https:\/\/photographic.pl\/#organization"},"potentialAction":[{"@type":"SearchAction","target":{"@type":"EntryPoint","urlTemplate":"https:\/\/photographic.pl\/?s={search_term_string}"},"query-input":{"@type":"PropertyValueSpecification","valueRequired":true,"valueName":"search_term_string"}}],"inLanguage":"en-GB"},{"@type":"Organization","@id":"https:\/\/photographic.pl\/#organization","name":"photographic.pl","url":"https:\/\/photographic.pl\/","logo":{"@type":"ImageObject","inLanguage":"en-GB","@id":"https:\/\/photographic.pl\/#\/schema\/logo\/image\/","url":"https:\/\/photographic.pl\/wp-content\/uploads\/2020\/06\/photographic-logo-dark@.svg","contentUrl":"https:\/\/photographic.pl\/wp-content\/uploads\/2020\/06\/photographic-logo-dark@.svg","width":1457,"height":190,"caption":"photographic.pl"},"image":{"@id":"https:\/\/photographic.pl\/#\/schema\/logo\/image\/"},"sameAs":["https:\/\/www.facebook.com\/FotografiaProduktowaReklamowa","https:\/\/www.instagram.com\/photographic.pl_official\/","https:\/\/www.linkedin.com\/company\/26187785"]}]}},"_links":{"self":[{"href":"https:\/\/photographic.pl\/en\/wp-json\/wp\/v2\/pages\/606","targetHints":{"allow":["GET"]}}],"collection":[{"href":"https:\/\/photographic.pl\/en\/wp-json\/wp\/v2\/pages"}],"about":[{"href":"https:\/\/photographic.pl\/en\/wp-json\/wp\/v2\/types\/page"}],"author":[{"embeddable":true,"href":"https:\/\/photographic.pl\/en\/wp-json\/wp\/v2\/users\/1"}],"replies":[{"embeddable":true,"href":"https:\/\/photographic.pl\/en\/wp-json\/wp\/v2\/comments?post=606"}],"version-history":[{"count":10,"href":"https:\/\/photographic.pl\/en\/wp-json\/wp\/v2\/pages\/606\/revisions"}],"predecessor-version":[{"id":1778,"href":"https:\/\/photographic.pl\/en\/wp-json\/wp\/v2\/pages\/606\/revisions\/1778"}],"wp:attachment":[{"href":"https:\/\/photographic.pl\/en\/wp-json\/wp\/v2\/media?parent=606"}],"curies":[{"name":"wp","href":"https:\/\/api.w.org\/{rel}","templated":true}]}}